{"id":14,"date":"2020-02-09T20:47:46","date_gmt":"2020-02-09T20:47:46","guid":{"rendered":"http:\/\/isar-legal.de\/?page_id=14"},"modified":"2020-02-09T21:06:46","modified_gmt":"2020-02-09T21:06:46","slug":"14-2","status":"publish","type":"page","link":"https:\/\/isar-legal.de\/?page_id=14","title":{"rendered":"Siegfried J. Schopf"},"content":{"rendered":"\n<p><strong>Rechtsanwalt | gesch\u00e4ftsf\u00fchrender Gesellschafter<br>Fachanwalt f\u00fcr Bau- und Architektenrecht <\/strong><\/p>\n\n\n\n<div class=\"is-layout-flex wp-container-3 wp-block-columns has-2-columns\">\n<div class=\"is-layout-flow wp-block-column\">\n<figure class=\"wp-block-image\"><img decoding=\"async\" loading=\"lazy\" width=\"525\" height=\"350\" src=\"http:\/\/isar-legal.de\/wp-content\/uploads\/2020\/02\/Zuschnitt_Website_525x350px_Website_22.jpg\" alt=\"\" class=\"wp-image-27\" srcset=\"https:\/\/isar-legal.de\/wp-content\/uploads\/2020\/02\/Zuschnitt_Website_525x350px_Website_22.jpg 525w, https:\/\/isar-legal.de\/wp-content\/uploads\/2020\/02\/Zuschnitt_Website_525x350px_Website_22-300x200.jpg 300w, https:\/\/isar-legal.de\/wp-content\/uploads\/2020\/02\/Zuschnitt_Website_525x350px_Website_22-450x300.jpg 450w\" sizes=\"(max-width: 525px) 100vw, 525px\" \/><\/figure>\n<\/div>\n\n\n\n<div class=\"is-layout-flow wp-block-column\">\n<p> <br>Sendlinger-Tor-Platz 7<br> 80336 M\u00fcnchen<br> Telefon: +49 89 543 43 56-0<br> Telefax: +49 89 543 43 56-10<br><a href=\"mailto:schopf@isar-legal.de\">schopf@isar-legal.de<\/a><\/p>\n<\/div>\n<\/div>\n\n\n\n<p><strong>Lebenslauf<\/strong> <\/p>\n\n\n\n<ul><li>Geboren in M\u00fcnchen am 07.09.1975 \u2022Studium in M\u00fcnchen, Salzburg und Stellenbosch\/RSA<\/li><li>Stationen in Sydney\/Australien als Rechtsreferendar, sowie Stellenbosch\/S\u00fcdafrika<\/li><li>Rechtsanwalt seit 2004 <br><\/li><li>2020 Gr\u00fcndung der Partnerschaft Br\u00e4uer.Schilke.Schopf Rechtsanw\u00e4lte mbB <\/li><li>2013-2019 Rechtsanwalt in eigener Kanzlei mit dem Schwerpunkt Bau- und Architektenrecht sowie Miet- und Wohnungseigentum, M\u00fcnchen<\/li><li>2013 Fachanwalt f\u00fcr Bau- und Architektenrecht <\/li><li>2005 &#8211; 2012 Rechtsanwalt bei Fischer &amp; Schopf Rechtsanw\u00e4lte, M\u00fcnchen<br><\/li><li>Seit 2002 Gemeinderat in der Gemeinde Neuried bei M\u00fcnchen<\/li><li>Stiftungsrat der Stark-Stiftung f\u00fcr Neuried <\/li><\/ul>\n\n\n\n<p><strong>Pers\u00f6nliche Qualifikation<\/strong> <\/p>\n\n\n\n<ul><li>st\u00e4ndige Vertretung von mehreren mittelst\u00e4ndischen Bautr\u00e4gern, Handwerksfirmen Family Offices im Bereich Bau- und Immobilien- und Mietrecht <\/li><li>baubegleitende Rechtsberatung von Projektentwicklern vom Grundst\u00fcckserwerb bis zur Abnahme einschlie\u00dflich bauplanungsrechtlicher Fragen <\/li><li>Beratung von Auftraggebern in s\u00e4mtlichen baurechtlichen Fragestellungen\u00a0  <\/li><li>Beratung und Vertretung von Architekten und Fachplanern, spezielle Erfahrungen im Bereich HOAI und Haftungsrecht <\/li><li>Entwicklung und Vertragsgestaltung von Bau-, Bautr\u00e4gervertr\u00e4gen, Architekten-\/Ingenieurvertr\u00e4gen;  <\/li><li>Beratung beim Immobilienerwerb <\/li><li>Umfangreiche Beratung und Vertretung insb. von Vermietern in miet- und WEG-rechtlichen Fragestellungen <\/li><\/ul>\n","protected":false},"excerpt":{"rendered":"<p>Rechtsanwalt | gesch\u00e4ftsf\u00fchrender GesellschafterFachanwalt f\u00fcr Bau- und Architektenrecht Sendlinger-Tor-Platz 7 80336 M\u00fcnchen Telefon: +49 89 543 43 56-0 Telefax: +49 89 543 43 56-10schopf@isar-legal.de Lebenslauf Geboren in M\u00fcnchen am 07.09.1975 \u2022Studium in M\u00fcnchen, Salzburg und Stellenbosch\/RSA Stationen in Sydney\/Australien als &hellip; <a href=\"https:\/\/isar-legal.de\/?page_id=14\">Weiterlesen <span class=\"meta-nav\">&rarr;<\/span><\/a><\/p>\n","protected":false},"author":1,"featured_media":0,"parent":0,"menu_order":0,"comment_status":"closed","ping_status":"closed","template":"","meta":[],"_links":{"self":[{"href":"https:\/\/isar-legal.de\/index.php?rest_route=\/wp\/v2\/pages\/14"}],"collection":[{"href":"https:\/\/isar-legal.de\/index.php?rest_route=\/wp\/v2\/pages"}],"about":[{"href":"https:\/\/isar-legal.de\/index.php?rest_route=\/wp\/v2\/types\/page"}],"author":[{"embeddable":true,"href":"https:\/\/isar-legal.de\/index.php?rest_route=\/wp\/v2\/users\/1"}],"replies":[{"embeddable":true,"href":"https:\/\/isar-legal.de\/index.php?rest_route=%2Fwp%2Fv2%2Fcomments&post=14"}],"version-history":[{"count":5,"href":"https:\/\/isar-legal.de\/index.php?rest_route=\/wp\/v2\/pages\/14\/revisions"}],"predecessor-version":[{"id":32,"href":"https:\/\/isar-legal.de\/index.php?rest_route=\/wp\/v2\/pages\/14\/revisions\/32"}],"wp:attachment":[{"href":"https:\/\/isar-legal.de\/index.php?rest_route=%2Fwp%2Fv2%2Fmedia&parent=14"}],"curies":[{"name":"wp","href":"https:\/\/api.w.org\/{rel}","templated":true}]}}