{"id":17,"date":"2020-02-09T20:49:03","date_gmt":"2020-02-09T20:49:03","guid":{"rendered":"http:\/\/isar-legal.de\/?page_id=17"},"modified":"2020-02-09T23:13:14","modified_gmt":"2020-02-09T23:13:14","slug":"brauer-schilke-schopf","status":"publish","type":"page","link":"https:\/\/isar-legal.de\/","title":{"rendered":"Br\u00e4uer | Schilke | Schopf"},"content":{"rendered":"\n<p>Wir beraten und vertreten als Fachanw\u00e4lte f\u00fcr Bau- und Architektenrecht private, gewerbliche und \u00f6ffentliche Mandanten rund um die Immobilie, insbesondere in der Projektentwicklung, Planung und der Ausf\u00fchrung von Bauvorhaben.<\/p>\n\n\n\n<p>Wir verf\u00fcgen \u00fcber Branchenerfahrung im Rahmen der Beratung von Architekten, Fachplanern und in der Bautr\u00e4gerberatung, bei Wohn- und Gewerbebauvorhaben, \u00f6ffentlichen Bauvorhaben im Bereich der Daseinsvorsorge, Infrastrukturma\u00dfnahmen und Sonderbauten.<\/p>\n\n\n\n<p>Wir stehen Ihnen aber auch dann zur Verf\u00fcgung, wenn es um das Immobilienwirtschaftsrecht geht, die Vermietung oder die \u00dcbertragung von Immobilien im Rahmen der Unternehmens- oder Erbfolge oder wenn es um steuerliche Fragen rund um die Immobilie geht.<\/p>\n\n\n\n<p>Wir unterhalten bew\u00e4hrte Kooperationsbeziehungen mit erfahrenen Dienstleistern anderer Fachbereiche. Dazu z\u00e4hlen Sachverst\u00e4ndige, Baubetriebsexperten, Steuerberater, Wirtschaftspr\u00fcfer und Anw\u00e4lte anderer Fachdisziplinen.<br>Wir sind als Referenten und Autoren best\u00e4ndig in der Diskussion mit Praktikern.<br>Wir freuen uns auf Ihre Anfrage und unterbreiten Ihnen gerne ein Beratungsangebot.<\/p>\n\n\n\n<table class=\"wp-block-table\"><tbody><tr><td><center><a href=\"http:\/\/isar-legal.de\/?page_id=2\"><img decoding=\"async\" loading=\"lazy\" width=\"960\" height=\"640\" class=\"wp-image-26\" style=\"width: 250px;\" src=\"http:\/\/isar-legal.de\/wp-content\/uploads\/2020\/02\/5965ce8309eee-3.jpg\" alt=\"\" srcset=\"https:\/\/isar-legal.de\/wp-content\/uploads\/2020\/02\/5965ce8309eee-3.jpg 960w, https:\/\/isar-legal.de\/wp-content\/uploads\/2020\/02\/5965ce8309eee-3-300x200.jpg 300w, https:\/\/isar-legal.de\/wp-content\/uploads\/2020\/02\/5965ce8309eee-3-768x512.jpg 768w, https:\/\/isar-legal.de\/wp-content\/uploads\/2020\/02\/5965ce8309eee-3-450x300.jpg 450w\" sizes=\"(max-width: 960px) 100vw, 960px\" \/><\/a><\/center><\/td><td><center><a href=\"http:\/\/isar-legal.de\/?page_id=38\"><img decoding=\"async\" loading=\"lazy\" width=\"800\" height=\"534\" class=\"wp-image-39\" style=\"width: 250px;\" src=\"http:\/\/isar-legal.de\/wp-content\/uploads\/2020\/02\/Schilke-Ruediger_Original_SW_17.jpg\" alt=\"\" srcset=\"https:\/\/isar-legal.de\/wp-content\/uploads\/2020\/02\/Schilke-Ruediger_Original_SW_17.jpg 800w, https:\/\/isar-legal.de\/wp-content\/uploads\/2020\/02\/Schilke-Ruediger_Original_SW_17-300x200.jpg 300w, https:\/\/isar-legal.de\/wp-content\/uploads\/2020\/02\/Schilke-Ruediger_Original_SW_17-768x513.jpg 768w, https:\/\/isar-legal.de\/wp-content\/uploads\/2020\/02\/Schilke-Ruediger_Original_SW_17-449x300.jpg 449w\" sizes=\"(max-width: 800px) 100vw, 800px\" \/><\/a><\/center><\/td><td><center><a href=\"http:\/\/isar-legal.de\/?page_id=14\"><img decoding=\"async\" loading=\"lazy\" width=\"525\" height=\"350\" class=\"wp-image-27\" style=\"width: 250px;\" src=\"http:\/\/isar-legal.de\/wp-content\/uploads\/2020\/02\/Zuschnitt_Website_525x350px_Website_22.jpg\" alt=\"\" srcset=\"https:\/\/isar-legal.de\/wp-content\/uploads\/2020\/02\/Zuschnitt_Website_525x350px_Website_22.jpg 525w, https:\/\/isar-legal.de\/wp-content\/uploads\/2020\/02\/Zuschnitt_Website_525x350px_Website_22-300x200.jpg 300w, https:\/\/isar-legal.de\/wp-content\/uploads\/2020\/02\/Zuschnitt_Website_525x350px_Website_22-450x300.jpg 450w\" sizes=\"(max-width: 525px) 100vw, 525px\" \/><\/a><\/center><\/td><\/tr><tr><td><center><strong><a href=\"http:\/\/isar-legal.de\/?page_id=2\">Peter Br\u00e4uer <\/a><\/strong><\/center><\/td><td><center><strong><a href=\"http:\/\/isar-legal.de\/?page_id=38\">R\u00fcdiger Schilke <\/a><\/strong><\/center><\/td><td><center><strong><a href=\"http:\/\/isar-legal.de\/?page_id=14\">Siegfried J. Schopf <\/a><\/strong><\/center><\/td><\/tr><\/tbody><\/table>\n","protected":false},"excerpt":{"rendered":"<p>Wir beraten und vertreten als Fachanw\u00e4lte f\u00fcr Bau- und Architektenrecht private, gewerbliche und \u00f6ffentliche Mandanten rund um die Immobilie, insbesondere in der Projektentwicklung, Planung und der Ausf\u00fchrung von Bauvorhaben. Wir verf\u00fcgen \u00fcber Branchenerfahrung im Rahmen der Beratung von Architekten, Fachplanern &hellip; <a href=\"https:\/\/isar-legal.de\/\">Weiterlesen <span class=\"meta-nav\">&rarr;<\/span><\/a><\/p>\n","protected":false},"author":1,"featured_media":0,"parent":0,"menu_order":0,"comment_status":"closed","ping_status":"closed","template":"showcase.php","meta":[],"_links":{"self":[{"href":"https:\/\/isar-legal.de\/index.php?rest_route=\/wp\/v2\/pages\/17"}],"collection":[{"href":"https:\/\/isar-legal.de\/index.php?rest_route=\/wp\/v2\/pages"}],"about":[{"href":"https:\/\/isar-legal.de\/index.php?rest_route=\/wp\/v2\/types\/page"}],"author":[{"embeddable":true,"href":"https:\/\/isar-legal.de\/index.php?rest_route=\/wp\/v2\/users\/1"}],"replies":[{"embeddable":true,"href":"https:\/\/isar-legal.de\/index.php?rest_route=%2Fwp%2Fv2%2Fcomments&post=17"}],"version-history":[{"count":8,"href":"https:\/\/isar-legal.de\/index.php?rest_route=\/wp\/v2\/pages\/17\/revisions"}],"predecessor-version":[{"id":126,"href":"https:\/\/isar-legal.de\/index.php?rest_route=\/wp\/v2\/pages\/17\/revisions\/126"}],"wp:attachment":[{"href":"https:\/\/isar-legal.de\/index.php?rest_route=%2Fwp%2Fv2%2Fmedia&parent=17"}],"curies":[{"name":"wp","href":"https:\/\/api.w.org\/{rel}","templated":true}]}}