{"id":38,"date":"2020-02-09T21:28:11","date_gmt":"2020-02-09T21:28:11","guid":{"rendered":"http:\/\/isar-legal.de\/?page_id=38"},"modified":"2023-11-17T11:46:03","modified_gmt":"2023-11-17T11:46:03","slug":"ruediger-schilke","status":"publish","type":"page","link":"https:\/\/isar-legal.de\/?page_id=38","title":{"rendered":"R\u00fcdiger Schilke"},"content":{"rendered":"\n<p><strong>Rechtsanwalt | Fachanwalt f\u00fcr Bau- und Architektenrecht <\/strong><\/p>\n\n\n\n<div class=\"is-layout-flex wp-container-3 wp-block-columns has-2-columns\">\n<div class=\"is-layout-flow wp-block-column\">\n<figure class=\"wp-block-image\"><img decoding=\"async\" loading=\"lazy\" width=\"800\" height=\"534\" src=\"http:\/\/isar-legal.de\/wp-content\/uploads\/2020\/02\/Schilke-Ruediger_Original_SW_17.jpg\" alt=\"\" class=\"wp-image-39\" srcset=\"https:\/\/isar-legal.de\/wp-content\/uploads\/2020\/02\/Schilke-Ruediger_Original_SW_17.jpg 800w, https:\/\/isar-legal.de\/wp-content\/uploads\/2020\/02\/Schilke-Ruediger_Original_SW_17-300x200.jpg 300w, https:\/\/isar-legal.de\/wp-content\/uploads\/2020\/02\/Schilke-Ruediger_Original_SW_17-768x513.jpg 768w, https:\/\/isar-legal.de\/wp-content\/uploads\/2020\/02\/Schilke-Ruediger_Original_SW_17-449x300.jpg 449w\" sizes=\"(max-width: 800px) 100vw, 800px\" \/><\/figure>\n<\/div>\n\n\n\n<div class=\"is-layout-flow wp-block-column\">\n<p><br> Sendlinger-Tor-Platz 7<br> 80336 M\u00fcnchen<br> <br> <br><\/p>\n<\/div>\n<\/div>\n\n\n\n<p><strong>In Memoriam<\/strong><\/p>\n\n\n\n<ul>\n<li>Geboren in M\u00fcnchen am 07. Februar 1968, gestorben 14. November 2023<\/li>\n\n\n\n<li>Rechtsanwalt in M\u00fcnchen seit Januar 1998<\/li>\n\n\n\n<li>Gr\u00fcndungspartner Br\u00e4uer Schilke Schopf Rechtsanw\u00e4lte PartG<\/li>\n<\/ul>\n\n\n\n<p><\/p>\n","protected":false},"excerpt":{"rendered":"<p>Rechtsanwalt | Fachanwalt f\u00fcr Bau- und Architektenrecht Sendlinger-Tor-Platz 7 80336 M\u00fcnchen In Memoriam<\/p>\n","protected":false},"author":1,"featured_media":0,"parent":0,"menu_order":0,"comment_status":"closed","ping_status":"closed","template":"","meta":[],"_links":{"self":[{"href":"https:\/\/isar-legal.de\/index.php?rest_route=\/wp\/v2\/pages\/38"}],"collection":[{"href":"https:\/\/isar-legal.de\/index.php?rest_route=\/wp\/v2\/pages"}],"about":[{"href":"https:\/\/isar-legal.de\/index.php?rest_route=\/wp\/v2\/types\/page"}],"author":[{"embeddable":true,"href":"https:\/\/isar-legal.de\/index.php?rest_route=\/wp\/v2\/users\/1"}],"replies":[{"embeddable":true,"href":"https:\/\/isar-legal.de\/index.php?rest_route=%2Fwp%2Fv2%2Fcomments&post=38"}],"version-history":[{"count":4,"href":"https:\/\/isar-legal.de\/index.php?rest_route=\/wp\/v2\/pages\/38\/revisions"}],"predecessor-version":[{"id":139,"href":"https:\/\/isar-legal.de\/index.php?rest_route=\/wp\/v2\/pages\/38\/revisions\/139"}],"wp:attachment":[{"href":"https:\/\/isar-legal.de\/index.php?rest_route=%2Fwp%2Fv2%2Fmedia&parent=38"}],"curies":[{"name":"wp","href":"https:\/\/api.w.org\/{rel}","templated":true}]}}