{"id":44,"date":"2020-02-09T21:40:27","date_gmt":"2020-02-09T21:40:27","guid":{"rendered":"http:\/\/isar-legal.de\/?page_id=44"},"modified":"2023-11-17T11:47:17","modified_gmt":"2023-11-17T11:47:17","slug":"impressum","status":"publish","type":"page","link":"https:\/\/isar-legal.de\/?page_id=44","title":{"rendered":"Impressum"},"content":{"rendered":"\n<p>Pflichtangaben gem\u00e4\u00df \u00a7 5\nTelemediengesetz (TMG) und \u00a7 2 DL-InfoV<\/p>\n\n\n\n<p><strong>Name\/Rechtsform<\/strong><\/p>\n\n\n\n<p>BR\u00c4UER | SCHILKE | SCHOPF Rechtsanw\u00e4lte PartG mbB<br>Sendlinger-Tor-Platz 7<br>80336 M\u00fcnchen <\/p>\n\n\n\n<p>Einzelvertretungsberechtigte Partner: <br>Rechtsanwalt Peter Br\u00e4uer<br>Rechtsanwalt Siegfried J. Schopf<\/p>\n\n\n\n<p>Partnerschaftsregister: Amtsgericht M\u00fcnchen, PR 2010<br>Sitz der Gesellschaft: M\u00fcnchen<br>USt-ID-Nr.: DE327308001<\/p>\n\n\n\n<p><strong>Verantwortlicher i. S. d. \u00a7 55 Abs. 2 RStV:<\/strong><\/p>\n\n\n\n<p>Rechtsanwalt Siegfried J. Schopf <\/p>\n\n\n\n<p><strong>Kanzleisitz und Kontakt<\/strong><br>Sendlinger-Tor-Platz 7, 80336 M\u00fcnchen <br>Telefon: +49 (0) 89 543 43 56 0, FAX: +49 (0) 89 543 43 56 10<br><a href=\"mailto:mail@isar-legal.de\">mail@isar-legal.de<\/a><\/p>\n\n\n\n<p><strong>Zust\u00e4ndige Aufsichtsbeh\u00f6rde<\/strong><\/p>\n\n\n\n<p>Rechtsanwaltskammer M\u00fcnchen<br>Tal 33<br>80331 M\u00fcnchen<br>Telefon: 089\/53 29 44-0<br>Telefax: 089\/53 29 44-28<br>E-Mail: <a href=\"mailt:info@rak-muenchen.de\">info@rak-muenchen.de<\/a><br>Internet: <a rel=\"noreferrer noopener\" href=\"http:\/\/www.rak-muenchen.de\" target=\"_blank\">http:\/\/www.rak-muenchen.de<\/a><\/p>\n\n\n\n<p><strong>Berufs- und geb\u00fchrenrechtliche\nRegelungen f\u00fcr Anw\u00e4lte:<\/strong><\/p>\n\n\n\n<p>Die BR\u00c4UER | SCHILKE | SCHOPF PartG mbB sowie die Rechtsanw\u00e4lte Peter Br\u00e4uer, R\u00fcdiger Schilke und Siegfried J. Schopf unterliegen den folgenden berufsrechtlichen Regelungen in den jeweils geltenden Fassungen:<\/p>\n\n\n\n<ul>\n<li>BRAO \u2013 Bundesrechtsanwaltsordnung<\/li>\n\n\n\n<li>RVG \u2013 Gesetz \u00fcber die Verg\u00fctung der Rechtsanw\u00e4ltinnen\n     und Rechtsanw\u00e4lte<\/li>\n\n\n\n<li>BORA \u2013 Berufsordnung f\u00fcr Rechtsanw\u00e4lte<\/li>\n\n\n\n<li>FAO \u2013 Fachanwaltsordnung<\/li>\n\n\n\n<li>CCBE \u2013 Berufsregeln f\u00fcr Rechtsanw\u00e4lte der\n     Europ\u00e4ischen Union<\/li>\n\n\n\n<li>EuRAG \u2013 Gesetz \u00fcber die T\u00e4tigkeit europ\u00e4ischer\n     Rechtsanw\u00e4lte in Deutschland<\/li>\n<\/ul>\n\n\n\n<p>S\u00e4mtliche\nberufsrechtlichen Regelungen k\u00f6nnen Sie einsehen unter <a href=\"http:\/\/www.brak.de\">www.brak.de<\/a>.<\/p>\n\n\n\n<p><strong>Berufshaftpflichtversicherung:<\/strong><\/p>\n\n\n\n<p>Die\nBerufshaftpflichtversicherung besteht bei der Allianz Versicherungs-AG in\nM\u00fcnchen. Der r\u00e4umliche Geltungsbereich des Versicherungsschutzes umfasst\nT\u00e4tigkeiten in den Mitgliedsl\u00e4ndern der Europ\u00e4ischen Union und gen\u00fcgt mindestens\nden Anforderungen des \u00a7 51a Abs. 1 und 2 Bundesrechtsanwaltsordnung (BRAO) in\nVerbindung mit \u00a7 8 Abs. 4 PartGG. Rechtsanw\u00e4lte in Partnerschaft mit\nbeschr\u00e4nkter Berufshaftung sind aufgrund der Bundesrechtsanwaltsordnung und dem\nPartnerschaftsgesellschaftsgesetz verpflichtet, eine\nBerufshaftpflichtversicherung mit einer Mindestversicherungssumme von 2.500.000\nEUR zu unterhalten. Die Einzelheiten ergeben sich aus \u00a7\u00a7 51, 51a BRAO iVm. \u00a7 8\nAbs. 4 PartGG.<\/p>\n\n\n\n<p><strong>Streitbeilegung:<\/strong><\/p>\n\n\n\n<p>Die\nPlattform der EU-Kommission zur Online-Streitbeilegung finden Sie hier: <a href=\"http:\/\/ec.europa.eu\/consumers\/odr\" target=\"_blank\" rel=\"noreferrer noopener\">http:\/\/ec.europa.eu\/consumers\/odr<\/a>.<br>\nWir weisen darauf hin, dass wir weder an einem Streitbeilegungsverfahren vor\neiner Verbraucherschlichtungsstelle teilnehmen, noch hierzu verpflichtet sind.<\/p>\n\n\n\n<p><strong>Haftungsausschluss\nund Urheberrechte: <\/strong><\/p>\n\n\n\n<p>Alle Inhalte auf <a href=\"http:\/\/www.isar-legal.de\">www.isar-legal.de<\/a> sind urheberrechtlich gesch\u00fctzt. Kein Teil der hier abrufbaren Inhalte darf ohne ausdr\u00fcckliche schriftliche Erlaubnis von BR\u00c4UER | SCHILKE | SCHOPF Rechtsanw\u00e4lte PartG mbB reproduziert, gedruckt, \u00fcbersetzt, in digitaler Form weiterbearbeitet, in Archive \u00fcbernommen oder Dritten unter einer fremden URL zug\u00e4nglich gemacht werden. BR\u00c4UER | SCHILKE | SCHOPF Rechtsanw\u00e4lte PartG mbB \u00fcbernimmt keine Verantwortung f\u00fcr Inhalte auf fremden Servern, auch wenn auf diese via Link verwiesen wird oder wenn diese im Rahmen der Berichterstattung erw\u00e4hnt werden BR\u00c4UER | SCHILKE | SCHOPF Rechtsanw\u00e4lte PartG mbB distanziert sich ausdr\u00fccklich von allen Inhalten, die gegen geltendes Recht oder die ethischen Grunds\u00e4tze versto\u00dfen. Namen und Bezeichnungen werden in der redaktionellen Berichterstattung ohne R\u00fccksicht und Hinweis auf eventuelle Schutzrechte Dritter verwendet. Eine Haftung f\u00fcr die \u00dcbernahme von rechtlichen Hinweisen von unserer Seite wird nicht \u00fcbernommen, wenn kein Mandatsverh\u00e4ltnis besteht. <\/p>\n","protected":false},"excerpt":{"rendered":"<p>Pflichtangaben gem\u00e4\u00df \u00a7 5 Telemediengesetz (TMG) und \u00a7 2 DL-InfoV Name\/Rechtsform BR\u00c4UER | SCHILKE | SCHOPF Rechtsanw\u00e4lte PartG mbBSendlinger-Tor-Platz 780336 M\u00fcnchen Einzelvertretungsberechtigte Partner: Rechtsanwalt Peter Br\u00e4uerRechtsanwalt Siegfried J. Schopf Partnerschaftsregister: Amtsgericht M\u00fcnchen, PR 2010Sitz der Gesellschaft: M\u00fcnchenUSt-ID-Nr.: DE327308001 Verantwortlicher i. &hellip; <a href=\"https:\/\/isar-legal.de\/?page_id=44\">Weiterlesen <span class=\"meta-nav\">&rarr;<\/span><\/a><\/p>\n","protected":false},"author":1,"featured_media":0,"parent":0,"menu_order":0,"comment_status":"closed","ping_status":"closed","template":"","meta":[],"_links":{"self":[{"href":"https:\/\/isar-legal.de\/index.php?rest_route=\/wp\/v2\/pages\/44"}],"collection":[{"href":"https:\/\/isar-legal.de\/index.php?rest_route=\/wp\/v2\/pages"}],"about":[{"href":"https:\/\/isar-legal.de\/index.php?rest_route=\/wp\/v2\/types\/page"}],"author":[{"embeddable":true,"href":"https:\/\/isar-legal.de\/index.php?rest_route=\/wp\/v2\/users\/1"}],"replies":[{"embeddable":true,"href":"https:\/\/isar-legal.de\/index.php?rest_route=%2Fwp%2Fv2%2Fcomments&post=44"}],"version-history":[{"count":3,"href":"https:\/\/isar-legal.de\/index.php?rest_route=\/wp\/v2\/pages\/44\/revisions"}],"predecessor-version":[{"id":140,"href":"https:\/\/isar-legal.de\/index.php?rest_route=\/wp\/v2\/pages\/44\/revisions\/140"}],"wp:attachment":[{"href":"https:\/\/isar-legal.de\/index.php?rest_route=%2Fwp%2Fv2%2Fmedia&parent=44"}],"curies":[{"name":"wp","href":"https:\/\/api.w.org\/{rel}","templated":true}]}}