{"id":47,"date":"2020-02-09T21:44:12","date_gmt":"2020-02-09T21:44:12","guid":{"rendered":"http:\/\/isar-legal.de\/?page_id=47"},"modified":"2020-02-21T09:16:42","modified_gmt":"2020-02-21T09:16:42","slug":"qualitaet-der-anwaltlichen-beratung-und-beratungsphilosophie","status":"publish","type":"page","link":"https:\/\/isar-legal.de\/?page_id=47","title":{"rendered":"Qualit\u00e4t der anwaltlichen Beratung und Beratungsphilosophie"},"content":{"rendered":"\n<figure class=\"wp-block-image\"><img decoding=\"async\" loading=\"lazy\" width=\"1024\" height=\"442\" src=\"http:\/\/isar-legal.de\/wp-content\/uploads\/2020\/02\/businessman-2606502_1280-1024x442.jpg\" alt=\"\" class=\"wp-image-53\" srcset=\"https:\/\/isar-legal.de\/wp-content\/uploads\/2020\/02\/businessman-2606502_1280-1024x442.jpg 1024w, https:\/\/isar-legal.de\/wp-content\/uploads\/2020\/02\/businessman-2606502_1280-300x129.jpg 300w, https:\/\/isar-legal.de\/wp-content\/uploads\/2020\/02\/businessman-2606502_1280-768x331.jpg 768w, https:\/\/isar-legal.de\/wp-content\/uploads\/2020\/02\/businessman-2606502_1280-500x216.jpg 500w, https:\/\/isar-legal.de\/wp-content\/uploads\/2020\/02\/businessman-2606502_1280.jpg 1280w\" sizes=\"(max-width: 1024px) 100vw, 1024px\" \/><\/figure>\n\n\n\n<p>Wie funktioniert anwaltliche\nArbeit? Was zeichnet den guten Anwalt aus? Solche Fragen haben Sie sich\nbestimmt schon einmal gestellt. Die Antwort, <em>\u201eunsere Dienstleistungen sind komplex\u201c<\/em>, haben Sie bestimmt schon\neinmal geh\u00f6rt. Wir meinen, diese Komplexit\u00e4t ist erkl\u00e4rbar und wollen dies f\u00fcr\nSie hier versuchen transparent darzustellen. <\/p>\n\n\n\n<p>Die Qualit\u00e4t anwaltlicher Beratung h\u00e4ngt vom Fachwissen des jeweiligen Anwaltes ab, dem Einf\u00fchlungsverm\u00f6gen, der klaren Analyse und strategischem Geschick. All das zusammen h\u00e4ngt von der Erfahrung des einzelnen Beraters ab, dem Umfeld, in dem Beratung und Vertretung stattgefunden haben und von den Gegnern, mit denen man sich gemessen hat. <\/p>\n\n\n\n<p>Unser Ziel wird es immer sein,\nIhr Anliegen in den Mittelpunkt unserer Aufmerksamkeit zu stellen. Im zweiten\nSchritt er\u00f6rtern wir mit Ihnen, ob die Zielsetzung realistisch ist, welche\nweiteren Varianten und Optionen Ihr Interesse befriedigen k\u00f6nnen. Im dritten\nSchritt versuchen wir die Wege dahin aufzuzeigen und die Strategien zu\nentwerfen. Wenn alles abgestimmt ist, beginnt die Arbeit, meist ein\nMarathonlauf, manchmal auch ein Sprint. Mit vorausschauendem Denken und Handeln\nversuchen wir Strategiewechsel zu vermeiden. <\/p>\n\n\n\n<p>In Dauerberatungsmandaten gibt es\nweitere Spezifika, wie z.B. die Abstimmung mit hausinternen Justiziaren oder\ndie Konzernberichterstattung. Sie d\u00fcrfen davon ausgehen, dass wir darin ge\u00fcbt\nsind.\n\nDar\u00fcber hinaus gibt es unabh\u00e4ngig vom Einzelfall\nStandards, die wir einhalten. Dazu geh\u00f6rt u.a. das Vier-Augenprinzip. Dabei\ngeht es nicht nur um die Einhaltung von Fristen, sondern auch um die\ninhaltliche Reflexion. Teamarbeit mit dem Mandanten, anderen Spezialisten und\ninterne Qualit\u00e4tskontrollen sind f\u00fcr uns selbstverst\u00e4ndlich. Sie sind die\nselbst gesteckten Messlatten, bei deren Einhaltung wir davon ausgehen k\u00f6nnen,\ndie gew\u00fcnschten Ergebnisse zu erreichen, jedenfalls sicher sein k\u00f6nnen, alles\nf\u00fcr Sie und Ihr Interesse getan zu haben. \n\n\n\n<\/p>\n","protected":false},"excerpt":{"rendered":"<p>Wie funktioniert anwaltliche Arbeit? Was zeichnet den guten Anwalt aus? Solche Fragen haben Sie sich bestimmt schon einmal gestellt. Die Antwort, \u201eunsere Dienstleistungen sind komplex\u201c, haben Sie bestimmt schon einmal geh\u00f6rt. Wir meinen, diese Komplexit\u00e4t ist erkl\u00e4rbar und wollen dies &hellip; <a href=\"https:\/\/isar-legal.de\/?page_id=47\">Weiterlesen <span class=\"meta-nav\">&rarr;<\/span><\/a><\/p>\n","protected":false},"author":1,"featured_media":0,"parent":0,"menu_order":0,"comment_status":"closed","ping_status":"closed","template":"","meta":[],"_links":{"self":[{"href":"https:\/\/isar-legal.de\/index.php?rest_route=\/wp\/v2\/pages\/47"}],"collection":[{"href":"https:\/\/isar-legal.de\/index.php?rest_route=\/wp\/v2\/pages"}],"about":[{"href":"https:\/\/isar-legal.de\/index.php?rest_route=\/wp\/v2\/types\/page"}],"author":[{"embeddable":true,"href":"https:\/\/isar-legal.de\/index.php?rest_route=\/wp\/v2\/users\/1"}],"replies":[{"embeddable":true,"href":"https:\/\/isar-legal.de\/index.php?rest_route=%2Fwp%2Fv2%2Fcomments&post=47"}],"version-history":[{"count":3,"href":"https:\/\/isar-legal.de\/index.php?rest_route=\/wp\/v2\/pages\/47\/revisions"}],"predecessor-version":[{"id":129,"href":"https:\/\/isar-legal.de\/index.php?rest_route=\/wp\/v2\/pages\/47\/revisions\/129"}],"wp:attachment":[{"href":"https:\/\/isar-legal.de\/index.php?rest_route=%2Fwp%2Fv2%2Fmedia&parent=47"}],"curies":[{"name":"wp","href":"https:\/\/api.w.org\/{rel}","templated":true}]}}