{"id":57,"date":"2020-02-09T22:06:46","date_gmt":"2020-02-09T22:06:46","guid":{"rendered":"http:\/\/isar-legal.de\/?page_id=57"},"modified":"2020-04-02T15:40:15","modified_gmt":"2020-04-02T15:40:15","slug":"57-2","status":"publish","type":"page","link":"https:\/\/isar-legal.de\/?page_id=57","title":{"rendered":"Vortr\u00e4ge &#038; Publikationen"},"content":{"rendered":"\n<p><strong>Vortr\u00e4ge<\/strong>:<\/p>\n\n\n\n<p><strong>18.09.2020 25. Deutscher Baurechtstag in M\u00fcnchen<\/strong>, Nachtr\u00e4ge am Bau VOB\/B und das neue Bauvertragsrecht des BGB als Gegens\u00e4tze?, Referent u.a. Rechtsanwalt Peter Br\u00e4uer<\/p>\n\n\n\n<p><em>23.04.2020 Digitaltage f\u00fcr die Bauwirtschaft in R\u00f6ttenbach bei N\u00fcrnberg, \u201eBIM und Recht\u201c, Rechtsanwalt Peter Br\u00e4uer  <\/em><strong><em>(verschoben aufgrund der CORONA-Pandemie, neuer Termin steht aus)<\/em><\/strong><\/p>\n\n\n\n<p><strong>17.02.2020 Umgang mit dem Begriff \u201eMangel\u201c bei Gerichtsgutachten<\/strong>, Rechtsanwalt R\u00fcdiger Schilke, Bayerisches Staatsministerium f\u00fcr Ern\u00e4hrung, Landwirtschaft und Forsten, M\u00fcnchen<\/p>\n\n\n\n<p><strong>12.02.2020 Abnahme und M\u00e4ngelhaftung bei verschiedenen Vertragstypen<\/strong>, Rechtsanwalt R\u00fcdiger Schilke, Essenbach<\/p>\n\n\n\n<p><strong>04.02.2020 Vergaberecht, <\/strong>Rechtsanwalt R\u00fcdiger Schilke, Ismaning<\/p>\n\n\n\n<p><strong>Publikationen:<\/strong><\/p>\n\n\n\n<figure class=\"wp-block-image is-resized\"><center><a href=\"https:\/\/www.amazon.de\/dp\/3658262206\" target=\"blank\" rel=\"noopener noreferrer\"><img decoding=\"async\" src=\"https:\/\/images-na.ssl-images-amazon.com\/images\/I\/61UiXFxJSkL.jpg\" alt=\"Bschorr\/Br\u00e4uer, Architekten- und Ingenieurrecht nach Anspr\u00fcchen, 2. Auflage 2019\" width=\"360\"><\/a><\/center><figcaption> <center>Bschorr\/Br\u00e4uer, Architekten- und Ingenieurrecht nach Anspr\u00fcchen, 2. Auflage 2019 <\/center><\/figcaption><\/figure>\n\n\n\n<figure class=\"wp-block-image is-resized\"><center><a href=\"https:\/\/www.amazon.de\/dp\/3865869440\" target=\"blank\" rel=\"noopener noreferrer\"><img decoding=\"async\" src=\"https:\/\/images-na.ssl-images-amazon.com\/images\/I\/512QP%2BgecXL.jpg\" alt=\"Die neue Honorarordnung f\u00fcr Architekten- und Ingenieurleistungen, Praktische Arbeitshilfen f\u00fcr die sichere Honorarvereinbarung und Abrechnung nach aktueller HOAI, 2 Allgemeine Regelungen der HOAI, R\u00fcdiger Schilke\" width=\"360\"><\/a><\/center><figcaption> <center>Die neue Honorarordnung f\u00fcr Architekten- und Ingenieurleistungen, Praktische Arbeitshilfen f\u00fcr die sichere Honorarvereinbarung und Abrechnung nach aktueller HOAI, 2 Allgemeine Regelungen der HOAI, R\u00fcdiger Schilke<\/center><\/figcaption><\/figure>\n","protected":false},"excerpt":{"rendered":"<p>Vortr\u00e4ge: 18.09.2020 25. Deutscher Baurechtstag in M\u00fcnchen, Nachtr\u00e4ge am Bau VOB\/B und das neue Bauvertragsrecht des BGB als Gegens\u00e4tze?, Referent u.a. Rechtsanwalt Peter Br\u00e4uer 23.04.2020 Digitaltage f\u00fcr die Bauwirtschaft in R\u00f6ttenbach bei N\u00fcrnberg, \u201eBIM und Recht\u201c, Rechtsanwalt Peter Br\u00e4uer (verschoben &hellip; <a href=\"https:\/\/isar-legal.de\/?page_id=57\">Weiterlesen <span class=\"meta-nav\">&rarr;<\/span><\/a><\/p>\n","protected":false},"author":1,"featured_media":0,"parent":0,"menu_order":0,"comment_status":"closed","ping_status":"closed","template":"","meta":[],"_links":{"self":[{"href":"https:\/\/isar-legal.de\/index.php?rest_route=\/wp\/v2\/pages\/57"}],"collection":[{"href":"https:\/\/isar-legal.de\/index.php?rest_route=\/wp\/v2\/pages"}],"about":[{"href":"https:\/\/isar-legal.de\/index.php?rest_route=\/wp\/v2\/types\/page"}],"author":[{"embeddable":true,"href":"https:\/\/isar-legal.de\/index.php?rest_route=\/wp\/v2\/users\/1"}],"replies":[{"embeddable":true,"href":"https:\/\/isar-legal.de\/index.php?rest_route=%2Fwp%2Fv2%2Fcomments&post=57"}],"version-history":[{"count":12,"href":"https:\/\/isar-legal.de\/index.php?rest_route=\/wp\/v2\/pages\/57\/revisions"}],"predecessor-version":[{"id":134,"href":"https:\/\/isar-legal.de\/index.php?rest_route=\/wp\/v2\/pages\/57\/revisions\/134"}],"wp:attachment":[{"href":"https:\/\/isar-legal.de\/index.php?rest_route=%2Fwp%2Fv2%2Fmedia&parent=57"}],"curies":[{"name":"wp","href":"https:\/\/api.w.org\/{rel}","templated":true}]}}